{"id":863,"date":"2022-08-18T13:26:37","date_gmt":"2022-08-18T13:26:37","guid":{"rendered":"https:\/\/fundagiem.com.co\/?page_id=863"},"modified":"2022-09-24T00:58:10","modified_gmt":"2022-09-24T00:58:10","slug":"donacion","status":"publish","type":"page","link":"https:\/\/fundagiem.com.co\/index.php\/donacion\/","title":{"rendered":"Donaci\u00f3n"},"content":{"rendered":"\t\t<div data-elementor-type=\"wp-page\" data-elementor-id=\"863\" class=\"elementor elementor-863\" data-elementor-post-type=\"page\">\n\t\t\t\t\t\t<section class=\"elementor-section elementor-top-section elementor-element elementor-element-60b8c1b elementor-section-boxed elementor-section-height-default elementor-section-height-default\" data-id=\"60b8c1b\" data-element_type=\"section\" data-settings=\"{&quot;background_background&quot;:&quot;classic&quot;}\">\n\t\t\t\t\t\t\t<div class=\"elementor-background-overlay\"><\/div>\n\t\t\t\t\t\t\t<div class=\"elementor-container elementor-column-gap-default\">\n\t\t\t\t\t<div class=\"elementor-column elementor-col-100 elementor-top-column elementor-element elementor-element-6548184\" data-id=\"6548184\" data-element_type=\"column\">\n\t\t\t<div class=\"elementor-widget-wrap elementor-element-populated\">\n\t\t\t\t\t\t<div class=\"elementor-element elementor-element-2210958 elementor-widget elementor-widget-spacer\" data-id=\"2210958\" data-element_type=\"widget\" data-widget_type=\"spacer.default\">\n\t\t\t\t<div class=\"elementor-widget-container\">\n\t\t\t\t\t\t\t<div class=\"elementor-spacer\">\n\t\t\t<div class=\"elementor-spacer-inner\"><\/div>\n\t\t<\/div>\n\t\t\t\t\t\t<\/div>\n\t\t\t\t<\/div>\n\t\t\t\t<div class=\"elementor-element elementor-element-0318962 elementor-widget elementor-widget-heading\" data-id=\"0318962\" data-element_type=\"widget\" data-widget_type=\"heading.default\">\n\t\t\t\t<div class=\"elementor-widget-container\">\n\t\t\t\t\t<h2 class=\"elementor-heading-title elementor-size-default\">Donaci\u00f3n<\/h2>\t\t\t\t<\/div>\n\t\t\t\t<\/div>\n\t\t\t\t\t<\/div>\n\t\t<\/div>\n\t\t\t\t\t<\/div>\n\t\t<\/section>\n\t\t\t\t<section class=\"elementor-section elementor-top-section elementor-element elementor-element-9136337 elementor-section-boxed elementor-section-height-default elementor-section-height-default\" data-id=\"9136337\" data-element_type=\"section\">\n\t\t\t\t\t\t<div class=\"elementor-container elementor-column-gap-default\">\n\t\t\t\t\t<div class=\"elementor-column elementor-col-100 elementor-top-column elementor-element elementor-element-03a1b44\" data-id=\"03a1b44\" data-element_type=\"column\">\n\t\t\t<div class=\"elementor-widget-wrap elementor-element-populated\">\n\t\t\t\t\t\t<div class=\"elementor-element elementor-element-4dff9d8 elementor-widget elementor-widget-heading\" data-id=\"4dff9d8\" data-element_type=\"widget\" data-widget_type=\"heading.default\">\n\t\t\t\t<div class=\"elementor-widget-container\">\n\t\t\t\t\t<h2 class=\"elementor-heading-title elementor-size-default\">Cuentas para donaci\u00f3n libre <\/h2>\t\t\t\t<\/div>\n\t\t\t\t<\/div>\n\t\t\t\t<div class=\"elementor-element elementor-element-23e6637 elementor-widget elementor-widget-text-editor\" data-id=\"23e6637\" data-element_type=\"widget\" data-widget_type=\"text-editor.default\">\n\t\t\t\t<div class=\"elementor-widget-container\">\n\t\t\t\t\t\t\t\t\t<p>\u00a0<\/p><p><span style=\"font-weight: 400;\">Todos podemos contribuir con la sostenibilidad del medio ambiente y la conservaci\u00f3n de los ecosistemas, es posible a trav\u00e9s de las donaciones que recibimos de personas jur\u00eddicas y naturales, ya que esto nos permite desarrollar misiones a trav\u00e9s de diferentes campa\u00f1as y proyectos en todo el territorio nacional.<\/span><\/p>\t\t\t\t\t\t\t\t<\/div>\n\t\t\t\t<\/div>\n\t\t\t\t\t<\/div>\n\t\t<\/div>\n\t\t\t\t\t<\/div>\n\t\t<\/section>\n\t\t\t\t<section class=\"elementor-section elementor-top-section elementor-element elementor-element-b015d78 elementor-section-boxed elementor-section-height-default elementor-section-height-default\" data-id=\"b015d78\" data-element_type=\"section\">\n\t\t\t\t\t\t\t<div class=\"elementor-background-overlay\"><\/div>\n\t\t\t\t\t\t\t<div class=\"elementor-container elementor-column-gap-default\">\n\t\t\t\t\t<div class=\"elementor-column elementor-col-33 elementor-top-column elementor-element elementor-element-a2d42df\" data-id=\"a2d42df\" data-element_type=\"column\">\n\t\t\t<div class=\"elementor-widget-wrap\">\n\t\t\t\t\t\t\t<\/div>\n\t\t<\/div>\n\t\t\t\t<div class=\"elementor-column elementor-col-33 elementor-top-column elementor-element elementor-element-336a708\" data-id=\"336a708\" data-element_type=\"column\" data-settings=\"{&quot;background_background&quot;:&quot;classic&quot;}\">\n\t\t\t<div class=\"elementor-widget-wrap elementor-element-populated\">\n\t\t\t\t\t\t<div class=\"elementor-element elementor-element-628d0cb elementor-widget elementor-widget-spacer\" data-id=\"628d0cb\" data-element_type=\"widget\" data-widget_type=\"spacer.default\">\n\t\t\t\t<div class=\"elementor-widget-container\">\n\t\t\t\t\t\t\t<div class=\"elementor-spacer\">\n\t\t\t<div class=\"elementor-spacer-inner\"><\/div>\n\t\t<\/div>\n\t\t\t\t\t\t<\/div>\n\t\t\t\t<\/div>\n\t\t\t\t<div class=\"elementor-element elementor-element-54fe237 elementor-invisible elementor-widget elementor-widget-heading\" data-id=\"54fe237\" data-element_type=\"widget\" data-settings=\"{&quot;_animation&quot;:&quot;fadeInLeft&quot;}\" data-widget_type=\"heading.default\">\n\t\t\t\t<div class=\"elementor-widget-container\">\n\t\t\t\t\t<h2 class=\"elementor-heading-title elementor-size-default\">\u00bfC\u00f3mo realizar una donaci\u00f3n libre?<\/h2>\t\t\t\t<\/div>\n\t\t\t\t<\/div>\n\t\t\t\t<div class=\"elementor-element elementor-element-f7f643f elementor-invisible elementor-widget elementor-widget-text-editor\" data-id=\"f7f643f\" data-element_type=\"widget\" data-settings=\"{&quot;_animation&quot;:&quot;fadeInLeft&quot;}\" data-widget_type=\"text-editor.default\">\n\t\t\t\t<div class=\"elementor-widget-container\">\n\t\t\t\t\t\t\t\t\t<p><b>Bancolombia<\/b><span style=\"font-weight: 400;\">&nbsp;(Ahorros)<\/span><span style=\"font-weight: 400;\"><br><\/span><b>No.<\/b><span style=\"font-weight: 400;\">&nbsp;<\/span><span style=\"font-weight: 400;\">37734243931<\/span><span style=\"font-weight: 400;\"><br><\/span><b>A nombre de la:<\/b><span style=\"font-weight: 400;\">&nbsp;FundaGIEM<\/span><\/p>\n<p dir=\"ltr\" style=\"line-height: 1.295; margin-top: 0pt; margin-bottom: 15.6pt;\"><br><\/p>\t\t\t\t\t\t\t\t<\/div>\n\t\t\t\t<\/div>\n\t\t\t\t<div class=\"elementor-element elementor-element-bd30362 elementor-invisible elementor-widget elementor-widget-image\" data-id=\"bd30362\" data-element_type=\"widget\" data-settings=\"{&quot;_animation&quot;:&quot;fadeInLeft&quot;}\" data-widget_type=\"image.default\">\n\t\t\t\t<div class=\"elementor-widget-container\">\n\t\t\t\t\t\t\t\t\t\t\t\t\t\t\t<img decoding=\"async\" width=\"90\" height=\"45\" src=\"https:\/\/fundagiem.com.co\/wp-content\/uploads\/2022\/09\/Rectangle-145.png\" class=\"attachment-thumbnail size-thumbnail wp-image-1313\" alt=\"\" \/>\t\t\t\t\t\t\t\t\t\t\t\t\t\t\t<\/div>\n\t\t\t\t<\/div>\n\t\t\t\t<div class=\"elementor-element elementor-element-8668800 elementor-invisible elementor-widget elementor-widget-heading\" data-id=\"8668800\" data-element_type=\"widget\" data-settings=\"{&quot;_animation&quot;:&quot;fadeInLeft&quot;}\" data-widget_type=\"heading.default\">\n\t\t\t\t<div class=\"elementor-widget-container\">\n\t\t\t\t\t<h2 class=\"elementor-heading-title elementor-size-default\">ES NECESARIO QUE NOS ENV\u00cdES UNA COPIA DEL RECIBO DE CONSIGNACI\u00d3N AL CORREO ELECTR\u00d3NICO fundagiem@gmail.com<\/h2>\t\t\t\t<\/div>\n\t\t\t\t<\/div>\n\t\t\t\t<div class=\"elementor-element elementor-element-6b68ef1 elementor-invisible elementor-widget elementor-widget-text-editor\" data-id=\"6b68ef1\" data-element_type=\"widget\" data-settings=\"{&quot;_animation&quot;:&quot;fadeInLeft&quot;}\" data-widget_type=\"text-editor.default\">\n\t\t\t\t<div class=\"elementor-widget-container\">\n\t\t\t\t\t\t\t\t\t<p>Con los siguientes datos:<\/p><p>Tu nombre completo\u00a0<\/p><p>Numero de cedula \/nit<\/p><p>Tel\u00e9fono\u00a0<\/p><p>Direcci\u00f3n y ciudad\u00a0<\/p>\t\t\t\t\t\t\t\t<\/div>\n\t\t\t\t<\/div>\n\t\t\t\t\t<\/div>\n\t\t<\/div>\n\t\t\t\t<div class=\"elementor-column elementor-col-33 elementor-top-column elementor-element elementor-element-fc952f7\" data-id=\"fc952f7\" data-element_type=\"column\">\n\t\t\t<div class=\"elementor-widget-wrap elementor-element-populated\">\n\t\t\t\t\t\t<div class=\"elementor-element elementor-element-6183a14 elementor-invisible elementor-widget elementor-widget-image\" data-id=\"6183a14\" data-element_type=\"widget\" data-settings=\"{&quot;_animation&quot;:&quot;fadeInRight&quot;}\" data-widget_type=\"image.default\">\n\t\t\t\t<div class=\"elementor-widget-container\">\n\t\t\t\t\t\t\t\t\t\t\t\t\t\t\t<img fetchpriority=\"high\" decoding=\"async\" width=\"768\" height=\"1024\" src=\"https:\/\/fundagiem.com.co\/wp-content\/uploads\/2022\/09\/pexels-dominika-roseclay-1141792-768x1024.jpg\" class=\"attachment-large size-large wp-image-1481\" alt=\"\" srcset=\"https:\/\/fundagiem.com.co\/wp-content\/uploads\/2022\/09\/pexels-dominika-roseclay-1141792-768x1024.jpg 768w, https:\/\/fundagiem.com.co\/wp-content\/uploads\/2022\/09\/pexels-dominika-roseclay-1141792-225x300.jpg 225w, https:\/\/fundagiem.com.co\/wp-content\/uploads\/2022\/09\/pexels-dominika-roseclay-1141792-1152x1536.jpg 1152w, https:\/\/fundagiem.com.co\/wp-content\/uploads\/2022\/09\/pexels-dominika-roseclay-1141792-1536x2048.jpg 1536w, https:\/\/fundagiem.com.co\/wp-content\/uploads\/2022\/09\/pexels-dominika-roseclay-1141792-scaled.jpg 1920w\" sizes=\"(max-width: 768px) 100vw, 768px\" \/>\t\t\t\t\t\t\t\t\t\t\t\t\t\t\t<\/div>\n\t\t\t\t<\/div>\n\t\t\t\t\t<\/div>\n\t\t<\/div>\n\t\t\t\t\t<\/div>\n\t\t<\/section>\n\t\t\t\t<\/div>\n\t\t","protected":false},"excerpt":{"rendered":"<p>Donaci\u00f3n Cuentas para donaci\u00f3n libre \u00a0 Todos podemos contribuir con la sostenibilidad del medio ambiente y la conservaci\u00f3n de los ecosistemas, es posible a trav\u00e9s de las donaciones que recibimos de personas jur\u00eddicas y naturales, ya que esto nos permite desarrollar misiones a trav\u00e9s de diferentes campa\u00f1as y proyectos en todo el territorio nacional. \u00bfC\u00f3mo &hellip;<\/p>\n<p class=\"read-more\"> <a class=\"\" href=\"https:\/\/fundagiem.com.co\/index.php\/donacion\/\"> <span class=\"screen-reader-text\">Donaci\u00f3n<\/span> Leer m\u00e1s &raquo;<\/a><\/p>\n","protected":false},"author":1,"featured_media":0,"parent":0,"menu_order":0,"comment_status":"closed","ping_status":"closed","template":"","meta":{"om_disable_all_campaigns":false,"site-sidebar-layout":"no-sidebar","site-content-layout":"page-builder","ast-global-header-display":"","ast-main-header-display":"","ast-hfb-above-header-display":"","ast-hfb-below-header-display":"","ast-hfb-mobile-header-display":"","site-post-title":"disabled","ast-breadcrumbs-content":"","ast-featured-img":"disabled","footer-sml-layout":"","theme-transparent-header-meta":"","adv-header-id-meta":"","stick-header-meta":"","header-above-stick-meta":"","header-main-stick-meta":"","header-below-stick-meta":"","footnotes":""},"class_list":["post-863","page","type-page","status-publish","hentry"],"aioseo_notices":[],"_links":{"self":[{"href":"https:\/\/fundagiem.com.co\/index.php\/wp-json\/wp\/v2\/pages\/863","targetHints":{"allow":["GET"]}}],"collection":[{"href":"https:\/\/fundagiem.com.co\/index.php\/wp-json\/wp\/v2\/pages"}],"about":[{"href":"https:\/\/fundagiem.com.co\/index.php\/wp-json\/wp\/v2\/types\/page"}],"author":[{"embeddable":true,"href":"https:\/\/fundagiem.com.co\/index.php\/wp-json\/wp\/v2\/users\/1"}],"replies":[{"embeddable":true,"href":"https:\/\/fundagiem.com.co\/index.php\/wp-json\/wp\/v2\/comments?post=863"}],"version-history":[{"count":91,"href":"https:\/\/fundagiem.com.co\/index.php\/wp-json\/wp\/v2\/pages\/863\/revisions"}],"predecessor-version":[{"id":1500,"href":"https:\/\/fundagiem.com.co\/index.php\/wp-json\/wp\/v2\/pages\/863\/revisions\/1500"}],"wp:attachment":[{"href":"https:\/\/fundagiem.com.co\/index.php\/wp-json\/wp\/v2\/media?parent=863"}],"curies":[{"name":"wp","href":"https:\/\/api.w.org\/{rel}","templated":true}]}}