{"id":2162,"date":"2025-07-01T22:55:05","date_gmt":"2025-07-01T22:55:05","guid":{"rendered":"https:\/\/fundagiem.com.co\/?page_id=2162"},"modified":"2025-07-04T18:12:13","modified_gmt":"2025-07-04T18:12:13","slug":"inscripcion-evento","status":"publish","type":"page","link":"https:\/\/fundagiem.com.co\/index.php\/inscripcion-evento\/","title":{"rendered":"Formulario de Inscripci\u00f3n a Eventos"},"content":{"rendered":"\t\t<div data-elementor-type=\"wp-page\" data-elementor-id=\"2162\" class=\"elementor elementor-2162\" data-elementor-post-type=\"page\">\n\t\t\t\t<div class=\"elementor-element elementor-element-4d17160 e-flex e-con-boxed e-con e-parent\" data-id=\"4d17160\" data-element_type=\"container\">\n\t\t\t\t\t<div class=\"e-con-inner\">\n\t\t<div class=\"elementor-element elementor-element-90ffed9 e-flex e-con-boxed e-con e-child\" data-id=\"90ffed9\" data-element_type=\"container\">\n\t\t\t\t\t<div class=\"e-con-inner\">\n\t\t<div class=\"elementor-element elementor-element-1e1d11e e-con-full e-flex e-con e-child\" data-id=\"1e1d11e\" data-element_type=\"container\">\n\t\t\t\t<div class=\"elementor-element elementor-element-232a3a4 elementor-widget-mobile__width-initial elementor-widget elementor-widget-heading\" data-id=\"232a3a4\" data-element_type=\"widget\" data-widget_type=\"heading.default\">\n\t\t\t\t<div class=\"elementor-widget-container\">\n\t\t\t\t\t<h2 class=\"elementor-heading-title elementor-size-default\">Formulario para inscribirse al evento<\/h2>\t\t\t\t<\/div>\n\t\t\t\t<\/div>\n\t\t\t\t<div class=\"elementor-element elementor-element-01ad101 elementor-widget__width-initial elementor-widget elementor-widget-text-editor\" data-id=\"01ad101\" data-element_type=\"widget\" data-widget_type=\"text-editor.default\">\n\t\t\t\t<div class=\"elementor-widget-container\">\n\t\t\t\t\t\t\t\t\t<p>Al inscribirse, usted acepta los T\u00e9rminos y Condiciones del evento y la Pol\u00edtica de Privacidad de la plataforma, autorizando el tratamiento de sus datos personales con fines log\u00edsticos, informativos y promocionales. Asimismo, permite el uso institucional de im\u00e1genes y grabaciones tomadas durante el evento\u00a0de acuerdo con la\u00a0<strong>Ley 1581 de 2012.<br \/><\/strong><\/p>\t\t\t\t\t\t\t\t<\/div>\n\t\t\t\t<\/div>\n\t\t\t\t<div class=\"elementor-element elementor-element-6f2c941 elementor-widget__width-initial elementor-widget elementor-widget-text-editor\" data-id=\"6f2c941\" data-element_type=\"widget\" data-widget_type=\"text-editor.default\">\n\t\t\t\t<div class=\"elementor-widget-container\">\n\t\t\t\t\t\t\t\t\t<p><strong>Numero de cuenta Bancolombia a consignar: 377-3424-3931<\/strong><\/p>\t\t\t\t\t\t\t\t<\/div>\n\t\t\t\t<\/div>\n\t\t\t\t<\/div>\n\t\t<div class=\"elementor-element elementor-element-e6210f0 e-con-full e-flex e-con e-child\" data-id=\"e6210f0\" data-element_type=\"container\">\n\t\t\t\t<div class=\"elementor-element elementor-element-147ab2c elementor-widget__width-inherit elementor-widget-mobile__width-initial elementor-widget elementor-widget-wpforms\" data-id=\"147ab2c\" data-element_type=\"widget\" data-widget_type=\"wpforms.default\">\n\t\t\t\t<div class=\"elementor-widget-container\">\n\t\t\t\t\t<div class=\"wpforms-container wpforms-container-full\" id=\"wpforms-2164\"><form id=\"wpforms-form-2164\" class=\"wpforms-validate wpforms-form wpforms-ajax-form\" data-formid=\"2164\" method=\"post\" enctype=\"multipart\/form-data\" action=\"\/index.php\/wp-json\/wp\/v2\/pages\/2162\" data-token=\"6c6d396375f8504c0c62a75ef2dfb187\"><noscript class=\"wpforms-error-noscript\">Por favor, activa JavaScript en tu navegador para completar este formulario.<\/noscript><div class=\"wpforms-field-container\"><div id=\"wpforms-2164-field_1-container\" class=\"wpforms-field wpforms-field-name\" data-field-id=\"1\"><label class=\"wpforms-field-label\" for=\"wpforms-2164-field_1\">Nombre completo <span class=\"wpforms-required-label\">*<\/span><\/label><div class=\"wpforms-field-row wpforms-field-medium\"><div class=\"wpforms-field-row-block wpforms-first wpforms-one-half\"><input type=\"text\" id=\"wpforms-2164-field_1\" class=\"wpforms-field-name-first wpforms-field-required\" name=\"wpforms[fields][1][first]\" required><label for=\"wpforms-2164-field_1\" class=\"wpforms-field-sublabel after \">Nombre<\/label><\/div><div class=\"wpforms-field-row-block wpforms-one-half\"><input type=\"text\" id=\"wpforms-2164-field_1-last\" class=\"wpforms-field-name-last wpforms-field-required\" name=\"wpforms[fields][1][last]\" required><label for=\"wpforms-2164-field_1-last\" class=\"wpforms-field-sublabel after \">Apellidos<\/label><\/div><\/div><\/div><div id=\"wpforms-2164-field_3-container\" class=\"wpforms-field wpforms-field-number\" data-field-id=\"3\"><label class=\"wpforms-field-label\" for=\"wpforms-2164-field_3\">Documento de identidad <span class=\"wpforms-required-label\">*<\/span><\/label><input type=\"number\" pattern=\"\\d*\" id=\"wpforms-2164-field_3\" class=\"wpforms-field-medium wpforms-field-required\" name=\"wpforms[fields][3]\" required><\/div><div id=\"wpforms-2164-field_4-container\" class=\"wpforms-field wpforms-field-email\" data-field-id=\"4\"><label class=\"wpforms-field-label\" for=\"wpforms-2164-field_4\">Correo electr\u00f3nico <span class=\"wpforms-required-label\">*<\/span><\/label><input type=\"email\" id=\"wpforms-2164-field_4\" class=\"wpforms-field-medium wpforms-field-required\" name=\"wpforms[fields][4]\" required><\/div><div id=\"wpforms-2164-field_5-container\" class=\"wpforms-field wpforms-field-number\" data-field-id=\"5\"><label class=\"wpforms-field-label\" for=\"wpforms-2164-field_5\">N\u00famero de tel\u00e9fono <span class=\"wpforms-required-label\">*<\/span><\/label><input type=\"number\" pattern=\"\\d*\" id=\"wpforms-2164-field_5\" class=\"wpforms-field-medium wpforms-field-required\" name=\"wpforms[fields][5]\" required><\/div><div id=\"wpforms-2164-field_6-container\" class=\"wpforms-field wpforms-field-number\" data-field-id=\"6\"><label class=\"wpforms-field-label\" for=\"wpforms-2164-field_6\">Tel\u00e9fono de contacto adicional<\/label><input type=\"number\" pattern=\"\\d*\" id=\"wpforms-2164-field_6\" class=\"wpforms-field-medium\" name=\"wpforms[fields][6]\" ><\/div><div id=\"wpforms-2164-field_9-container\" class=\"wpforms-field wpforms-field-radio wpforms-list-2-columns\" data-field-id=\"9\"><label class=\"wpforms-field-label\" for=\"wpforms-2164-field_9\">Modalidad <span class=\"wpforms-required-label\">*<\/span><\/label><ul id=\"wpforms-2164-field_9\" class=\"wpforms-field-required\"><li class=\"choice-1 depth-1\"><input type=\"radio\" id=\"wpforms-2164-field_9_1\" name=\"wpforms[fields][9]\" value=\"Presencial\" required ><label class=\"wpforms-field-label-inline\" for=\"wpforms-2164-field_9_1\">Presencial<\/label><\/li><li class=\"choice-2 depth-1\"><input type=\"radio\" id=\"wpforms-2164-field_9_2\" name=\"wpforms[fields][9]\" value=\"Virtual\" required ><label class=\"wpforms-field-label-inline\" for=\"wpforms-2164-field_9_2\">Virtual<\/label><\/li><\/ul><\/div><div id=\"wpforms-2164-field_7-container\" class=\"wpforms-field wpforms-field-number\" data-field-id=\"7\"><label class=\"wpforms-field-label\" for=\"wpforms-2164-field_7\">N\u00famero de comprobante de pago <span class=\"wpforms-required-label\">*<\/span><\/label><input type=\"number\" pattern=\"\\d*\" id=\"wpforms-2164-field_7\" class=\"wpforms-field-medium wpforms-field-required\" name=\"wpforms[fields][7]\" required><\/div><\/div><div class=\"wpforms-submit-container\"><input type=\"hidden\" name=\"wpforms[id]\" value=\"2164\"><input type=\"hidden\" name=\"wpforms[author]\" value=\"2\"><button type=\"submit\" name=\"wpforms[submit]\" id=\"wpforms-submit-2164\" class=\"wpforms-submit\" data-alt-text=\"Inscribiendo...\" data-submit-text=\"Inscribirme\" aria-live=\"assertive\" value=\"wpforms-submit\">Inscribirme<\/button><img decoding=\"async\" src=\"https:\/\/fundagiem.com.co\/wp-content\/plugins\/wpforms-lite\/assets\/images\/submit-spin.svg\" class=\"wpforms-submit-spinner\" style=\"display: none;\" width=\"26\" height=\"26\" alt=\"\"><\/div><\/form><\/div>  <!-- .wpforms-container -->\t\t\t\t<\/div>\n\t\t\t\t<\/div>\n\t\t\t\t<\/div>\n\t\t\t\t\t<\/div>\n\t\t\t\t<\/div>\n\t\t\t\t\t<\/div>\n\t\t\t\t<\/div>\n\t\t\t\t<\/div>\n\t\t","protected":false},"excerpt":{"rendered":"<p>Formulario para inscribirse al evento Al inscribirse, usted acepta los T\u00e9rminos y Condiciones del evento y la Pol\u00edtica de Privacidad de la plataforma, autorizando el tratamiento de sus datos personales con fines log\u00edsticos, informativos y promocionales. Asimismo, permite el uso institucional de im\u00e1genes y grabaciones tomadas durante el evento\u00a0de acuerdo con la\u00a0Ley 1581 de 2012. &hellip;<\/p>\n<p class=\"read-more\"> <a class=\"\" href=\"https:\/\/fundagiem.com.co\/index.php\/inscripcion-evento\/\"> <span class=\"screen-reader-text\">Formulario de Inscripci\u00f3n a Eventos<\/span> Leer m\u00e1s &raquo;<\/a><\/p>\n","protected":false},"author":2,"featured_media":0,"parent":0,"menu_order":0,"comment_status":"closed","ping_status":"closed","template":"","meta":{"om_disable_all_campaigns":false,"site-sidebar-layout":"no-sidebar","site-content-layout":"page-builder","ast-global-header-display":"","ast-main-header-display":"","ast-hfb-above-header-display":"","ast-hfb-below-header-display":"","ast-hfb-mobile-header-display":"","site-post-title":"disabled","ast-breadcrumbs-content":"","ast-featured-img":"disabled","footer-sml-layout":"","theme-transparent-header-meta":"","adv-header-id-meta":"","stick-header-meta":"","header-above-stick-meta":"","header-main-stick-meta":"","header-below-stick-meta":"","footnotes":""},"class_list":["post-2162","page","type-page","status-publish","hentry"],"aioseo_notices":[],"_links":{"self":[{"href":"https:\/\/fundagiem.com.co\/index.php\/wp-json\/wp\/v2\/pages\/2162","targetHints":{"allow":["GET"]}}],"collection":[{"href":"https:\/\/fundagiem.com.co\/index.php\/wp-json\/wp\/v2\/pages"}],"about":[{"href":"https:\/\/fundagiem.com.co\/index.php\/wp-json\/wp\/v2\/types\/page"}],"author":[{"embeddable":true,"href":"https:\/\/fundagiem.com.co\/index.php\/wp-json\/wp\/v2\/users\/2"}],"replies":[{"embeddable":true,"href":"https:\/\/fundagiem.com.co\/index.php\/wp-json\/wp\/v2\/comments?post=2162"}],"version-history":[{"count":18,"href":"https:\/\/fundagiem.com.co\/index.php\/wp-json\/wp\/v2\/pages\/2162\/revisions"}],"predecessor-version":[{"id":2209,"href":"https:\/\/fundagiem.com.co\/index.php\/wp-json\/wp\/v2\/pages\/2162\/revisions\/2209"}],"wp:attachment":[{"href":"https:\/\/fundagiem.com.co\/index.php\/wp-json\/wp\/v2\/media?parent=2162"}],"curies":[{"name":"wp","href":"https:\/\/api.w.org\/{rel}","templated":true}]}}